{"id":15471,"date":"2021-02-18T15:00:32","date_gmt":"2021-02-18T14:00:32","guid":{"rendered":"https:\/\/unefermealabassette.fr\/?post_type=product&#038;p=15471"},"modified":"2022-12-16T19:01:36","modified_gmt":"2022-12-16T18:01:36","slug":"pelote-pur-mohair-rouge-rubis","status":"publish","type":"product","link":"https:\/\/unefermealabassette.fr\/index.php\/produit\/pelote-pur-mohair-rouge-rubis\/","title":{"rendered":"Pelote Pur Mohair Rubis"},"content":{"rendered":"<p>Pour vos tricots chauds et doux, vous appr\u00e9cierez notre gamme de laine en Pur Mohair. Ce fil \u00e0 tricoter <strong>agr\u00e9able, moelleux et esth\u00e9tique<\/strong> est id\u00e9al pour vos cr\u00e9ations de toutes sortes : pulls, gilets, gants, bonnets, \u00e9charpes\u2026 Une fois tricot\u00e9 le fil Pur Mohair est \u00e0 la fois <strong>gonflant, confortable\u00a0et chaud<\/strong>.<\/p>\n<p>Caract\u00e9ristiques de la pelote Pur Mohair :<\/p>\n<ul>\n<li>&#8211; Composition : 98% Mohair<\/li>\n<li>&#8211; Poids : 50 g<\/li>\n<li>&#8211; Aiguilles minimum : 4,5 &#8211; 5<\/li>\n<li>&#8211; Longueur du fil : 100 m minimum<\/li>\n<li>&#8211; Coloris : pelote rouge Rubis<\/li>\n<li>&#8211; Lavage \u00e0 la main \u00e0 30\u00b0<\/li>\n<\/ul>\n","protected":false},"excerpt":{"rendered":"<p>Pour vos tricots chauds et doux, vous appr\u00e9cierez notre gamme de laine en Pur Mohair. Ce fil \u00e0 tricoter agr\u00e9able, moelleux et esth\u00e9tique est id\u00e9al pour vos cr\u00e9ations de toutes sortes : pulls, gilets, gants, bonnets, \u00e9charpes\u2026 Une fois tricot\u00e9 le fil Pur Mohair est \u00e0 la fois gonflant, confortable\u00a0et chaud. Caract\u00e9ristiques de la pelote Pur Mohair : &#8211; Composition [&hellip;]<\/p>\n","protected":false},"featured_media":15469,"template":"","meta":[],"product_brand":[],"product_cat":[15,163,164],"product_tag":[98,109,108,162],"class_list":{"0":"post-15471","1":"product","2":"type-product","3":"status-publish","4":"has-post-thumbnail","6":"product_cat-mohair","7":"product_cat-pelotes","8":"product_cat-pelotes-pur-mohair","9":"product_tag-mohair","10":"product_tag-mohair-et-soie","11":"product_tag-pelote","12":"product_tag-tricot","14":"first","15":"outofstock","16":"shipping-taxable","17":"purchasable","18":"product-type-simple"},"_links":{"self":[{"href":"https:\/\/unefermealabassette.fr\/index.php\/wp-json\/wp\/v2\/product\/15471","targetHints":{"allow":["GET"]}}],"collection":[{"href":"https:\/\/unefermealabassette.fr\/index.php\/wp-json\/wp\/v2\/product"}],"about":[{"href":"https:\/\/unefermealabassette.fr\/index.php\/wp-json\/wp\/v2\/types\/product"}],"wp:featuredmedia":[{"embeddable":true,"href":"https:\/\/unefermealabassette.fr\/index.php\/wp-json\/wp\/v2\/media\/15469"}],"wp:attachment":[{"href":"https:\/\/unefermealabassette.fr\/index.php\/wp-json\/wp\/v2\/media?parent=15471"}],"wp:term":[{"taxonomy":"product_brand","embeddable":true,"href":"https:\/\/unefermealabassette.fr\/index.php\/wp-json\/wp\/v2\/product_brand?post=15471"},{"taxonomy":"product_cat","embeddable":true,"href":"https:\/\/unefermealabassette.fr\/index.php\/wp-json\/wp\/v2\/product_cat?post=15471"},{"taxonomy":"product_tag","embeddable":true,"href":"https:\/\/unefermealabassette.fr\/index.php\/wp-json\/wp\/v2\/product_tag?post=15471"}],"curies":[{"name":"wp","href":"https:\/\/api.w.org\/{rel}","templated":true}]}}