{"id":15854,"date":"2021-04-28T16:03:46","date_gmt":"2021-04-28T14:03:46","guid":{"rendered":"https:\/\/unefermealabassette.fr\/?post_type=product&#038;p=15854"},"modified":"2022-12-09T19:14:30","modified_gmt":"2022-12-09T18:14:30","slug":"echarpe-tricotee-fine-en-mohair-et-soie-soleil","status":"publish","type":"product","link":"https:\/\/unefermealabassette.fr\/index.php\/produit\/echarpe-tricotee-fine-en-mohair-et-soie-soleil\/","title":{"rendered":"\u00c9charpe tricot\u00e9e fine en Mohair et Soie &#8211; Soleil"},"content":{"rendered":"<p>Raffin\u00e9e et soyeuse, cette \u00e9charpe est tricot\u00e9e en France \u00e0 partir de notre fil le plus fin en Mohair et Soie. A porter selon votre envie, cette \u00e9charpe tricot\u00e9e a \u00e9t\u00e9 imagin\u00e9 avec un joli point ajour\u00e9, comme un effet de dentelle. Elle vous tiendra chaud au cou ou aux \u00e9paules, tout en \u00e9tant tr\u00e8s l\u00e9g\u00e8re gr\u00e2ce \u00e0 sa maille a\u00e9rienne.<\/p>\n<p>Caract\u00e9ristiques de l&rsquo;\u00e9charpe tricot\u00e9e fine en Mohair et Soie:<\/p>\n<ul>\n<li>&#8211; Composition : 60% Mohair, 40% Soie<\/li>\n<li>&#8211; Dimensions : 1,70 m x 0,50 m<\/li>\n<li>&#8211; Coloris : \u00e9charpe jaune Soleil<\/li>\n<li>&#8211; Lavage \u00e0 la main \u00e0 30\u00b0<\/li>\n<\/ul>\n","protected":false},"excerpt":{"rendered":"<p>Raffin\u00e9e et soyeuse, cette \u00e9charpe est tricot\u00e9e en France \u00e0 partir de notre fil le plus fin en Mohair et Soie. A porter selon votre envie, cette \u00e9charpe tricot\u00e9e a \u00e9t\u00e9 imagin\u00e9 avec un joli point ajour\u00e9, comme un effet de dentelle. Elle vous tiendra chaud au cou ou aux \u00e9paules, tout en \u00e9tant tr\u00e8s l\u00e9g\u00e8re gr\u00e2ce \u00e0 sa maille [&hellip;]<\/p>\n","protected":false},"featured_media":15846,"template":"","meta":[],"product_brand":[],"product_cat":[15,173,175,191],"product_tag":[187,184,186,98,188,162,185],"class_list":{"0":"post-15854","1":"product","2":"type-product","3":"status-publish","4":"has-post-thumbnail","6":"product_cat-mohair","7":"product_cat-echarpes-mohair","8":"product_cat-echarpes-tricotees","9":"product_cat-echarpes-tricotees-fines","10":"product_tag-dentelle","11":"product_tag-echarpe","12":"product_tag-fine","13":"product_tag-mohair","14":"product_tag-soie","15":"product_tag-tricot","16":"product_tag-tricote","18":"first","19":"outofstock","20":"shipping-taxable","21":"purchasable","22":"product-type-simple"},"_links":{"self":[{"href":"https:\/\/unefermealabassette.fr\/index.php\/wp-json\/wp\/v2\/product\/15854","targetHints":{"allow":["GET"]}}],"collection":[{"href":"https:\/\/unefermealabassette.fr\/index.php\/wp-json\/wp\/v2\/product"}],"about":[{"href":"https:\/\/unefermealabassette.fr\/index.php\/wp-json\/wp\/v2\/types\/product"}],"wp:featuredmedia":[{"embeddable":true,"href":"https:\/\/unefermealabassette.fr\/index.php\/wp-json\/wp\/v2\/media\/15846"}],"wp:attachment":[{"href":"https:\/\/unefermealabassette.fr\/index.php\/wp-json\/wp\/v2\/media?parent=15854"}],"wp:term":[{"taxonomy":"product_brand","embeddable":true,"href":"https:\/\/unefermealabassette.fr\/index.php\/wp-json\/wp\/v2\/product_brand?post=15854"},{"taxonomy":"product_cat","embeddable":true,"href":"https:\/\/unefermealabassette.fr\/index.php\/wp-json\/wp\/v2\/product_cat?post=15854"},{"taxonomy":"product_tag","embeddable":true,"href":"https:\/\/unefermealabassette.fr\/index.php\/wp-json\/wp\/v2\/product_tag?post=15854"}],"curies":[{"name":"wp","href":"https:\/\/api.w.org\/{rel}","templated":true}]}}