{"id":15947,"date":"2021-04-29T12:22:32","date_gmt":"2021-04-29T10:22:32","guid":{"rendered":"https:\/\/unefermealabassette.fr\/?post_type=product&#038;p=15947"},"modified":"2021-12-12T15:29:43","modified_gmt":"2021-12-12T14:29:43","slug":"echarpe-tissee-en-mohair-et-soie-carreaux-aglaee","status":"publish","type":"product","link":"https:\/\/unefermealabassette.fr\/index.php\/produit\/echarpe-tissee-en-mohair-et-soie-carreaux-aglaee\/","title":{"rendered":"\u00c9charpe tiss\u00e9e en Mohair et Soie &#8211; Carreaux Agla\u00e9e"},"content":{"rendered":"<p><strong>Tiss\u00e9e en France<\/strong> avec notre fil <strong>Mohair et Soie<\/strong>, cette <strong>grande \u00e9charpe<\/strong> est tr\u00e8s agr\u00e9able \u00e0 porter. A la fois <strong>belle, chaude et l\u00e9g\u00e8re<\/strong>, vous appr\u00e9cierez le tissage fin et \u00e9l\u00e9gant, ainsi que le <strong>Mohair doux et soyeux<\/strong>. Une finition en <strong>franges aux extr\u00e9mit\u00e9s<\/strong> pour une belle tenue, cette \u00e9charpe tiss\u00e9e sera votre accessoire du quotidien.<\/p>\n<p>Caract\u00e9ristiques de la grande \u00e9charpe tiss\u00e9e en Mohair et Soie:<\/p>\n<ul>\n<li>&#8211; Composition : 80% Mohair, 20% Soie<\/li>\n<li>&#8211; Dimensions : 1,80 m x 0,30 m<\/li>\n<li>&#8211; Coloris : \u00e9charpe \u00e0 carreaux jaune bleu rouge Agla\u00e9e<\/li>\n<li>&#8211; Lavage \u00e0 la main \u00e0 30\u00b0<\/li>\n<\/ul>\n","protected":false},"excerpt":{"rendered":"<p>Tiss\u00e9e en France avec notre fil Mohair et Soie, cette grande \u00e9charpe est tr\u00e8s agr\u00e9able \u00e0 porter. A la fois belle, chaude et l\u00e9g\u00e8re, vous appr\u00e9cierez le tissage fin et \u00e9l\u00e9gant, ainsi que le Mohair doux et soyeux. Une finition en franges aux extr\u00e9mit\u00e9s pour une belle tenue, cette \u00e9charpe tiss\u00e9e sera votre accessoire du quotidien. Caract\u00e9ristiques de la grande [&hellip;]<\/p>\n","protected":false},"featured_media":15949,"template":"","meta":[],"product_brand":[],"product_cat":[15,173,192],"product_tag":[184,189,98,188,195,194],"class_list":{"0":"post-15947","1":"product","2":"type-product","3":"status-publish","4":"has-post-thumbnail","6":"product_cat-mohair","7":"product_cat-echarpes-mohair","8":"product_cat-grandes-echarpes-tissees","9":"product_tag-echarpe","10":"product_tag-longue","11":"product_tag-mohair","12":"product_tag-soie","13":"product_tag-tissage","14":"product_tag-tissee","16":"first","17":"outofstock","18":"shipping-taxable","19":"purchasable","20":"product-type-simple"},"_links":{"self":[{"href":"https:\/\/unefermealabassette.fr\/index.php\/wp-json\/wp\/v2\/product\/15947","targetHints":{"allow":["GET"]}}],"collection":[{"href":"https:\/\/unefermealabassette.fr\/index.php\/wp-json\/wp\/v2\/product"}],"about":[{"href":"https:\/\/unefermealabassette.fr\/index.php\/wp-json\/wp\/v2\/types\/product"}],"wp:featuredmedia":[{"embeddable":true,"href":"https:\/\/unefermealabassette.fr\/index.php\/wp-json\/wp\/v2\/media\/15949"}],"wp:attachment":[{"href":"https:\/\/unefermealabassette.fr\/index.php\/wp-json\/wp\/v2\/media?parent=15947"}],"wp:term":[{"taxonomy":"product_brand","embeddable":true,"href":"https:\/\/unefermealabassette.fr\/index.php\/wp-json\/wp\/v2\/product_brand?post=15947"},{"taxonomy":"product_cat","embeddable":true,"href":"https:\/\/unefermealabassette.fr\/index.php\/wp-json\/wp\/v2\/product_cat?post=15947"},{"taxonomy":"product_tag","embeddable":true,"href":"https:\/\/unefermealabassette.fr\/index.php\/wp-json\/wp\/v2\/product_tag?post=15947"}],"curies":[{"name":"wp","href":"https:\/\/api.w.org\/{rel}","templated":true}]}}