{"id":15993,"date":"2021-04-29T22:42:08","date_gmt":"2021-04-29T20:42:08","guid":{"rendered":"https:\/\/unefermealabassette.fr\/?post_type=product&#038;p=15993"},"modified":"2022-12-09T19:39:27","modified_gmt":"2022-12-09T18:39:27","slug":"etole-tissee-en-mohair-et-soie-grenade","status":"publish","type":"product","link":"https:\/\/unefermealabassette.fr\/index.php\/produit\/etole-tissee-en-mohair-et-soie-grenade\/","title":{"rendered":"\u00c9tole tiss\u00e9e en Mohair et Soie &#8211; Grenade"},"content":{"rendered":"<p>Une belle et grande<strong> \u00e9tole enveloppante, tiss\u00e9e en France<\/strong> avec notre fil <strong>Mohair et Soie. Elle est <\/strong>agr\u00e9able \u00e0 porter, soit autour de votre cou, soit pour vous couvrir les \u00e9paules. Une sensation de douceur et de chaleur gr\u00e2ce \u00e0 notre Mohair de qualit\u00e9, et une finition en <strong>franges aux extr\u00e9mit\u00e9s<\/strong> pour une belle tenue, cette \u00e9tole tiss\u00e9e sera votre accessoire du quotidien.<\/p>\n<p>Caract\u00e9ristiques de l&rsquo;\u00e9tole tiss\u00e9e en Mohair et Soie:<\/p>\n<ul>\n<li>&#8211; Composition : 80% Mohair, 20% Soie<\/li>\n<li>&#8211; Dimensions : 2 m x 0,60 m<\/li>\n<li>&#8211; Coloris : \u00e9tole rouge Grenade<\/li>\n<li>&#8211; Lavage \u00e0 la main \u00e0 30\u00b0<\/li>\n<\/ul>\n","protected":false},"excerpt":{"rendered":"<p>Une belle et grande \u00e9tole enveloppante, tiss\u00e9e en France avec notre fil Mohair et Soie. Elle est agr\u00e9able \u00e0 porter, soit autour de votre cou, soit pour vous couvrir les \u00e9paules. Une sensation de douceur et de chaleur gr\u00e2ce \u00e0 notre Mohair de qualit\u00e9, et une finition en franges aux extr\u00e9mit\u00e9s pour une belle tenue, cette \u00e9tole tiss\u00e9e sera votre [&hellip;]<\/p>\n","protected":false},"featured_media":15996,"template":"","meta":[],"product_brand":[],"product_cat":[15,173,193],"product_tag":[196,189,98,188,195,194],"class_list":{"0":"post-15993","1":"product","2":"type-product","3":"status-publish","4":"has-post-thumbnail","6":"product_cat-mohair","7":"product_cat-echarpes-mohair","8":"product_cat-etoles-tissees","9":"product_tag-etole","10":"product_tag-longue","11":"product_tag-mohair","12":"product_tag-soie","13":"product_tag-tissage","14":"product_tag-tissee","16":"first","17":"outofstock","18":"shipping-taxable","19":"purchasable","20":"product-type-simple"},"_links":{"self":[{"href":"https:\/\/unefermealabassette.fr\/index.php\/wp-json\/wp\/v2\/product\/15993","targetHints":{"allow":["GET"]}}],"collection":[{"href":"https:\/\/unefermealabassette.fr\/index.php\/wp-json\/wp\/v2\/product"}],"about":[{"href":"https:\/\/unefermealabassette.fr\/index.php\/wp-json\/wp\/v2\/types\/product"}],"wp:featuredmedia":[{"embeddable":true,"href":"https:\/\/unefermealabassette.fr\/index.php\/wp-json\/wp\/v2\/media\/15996"}],"wp:attachment":[{"href":"https:\/\/unefermealabassette.fr\/index.php\/wp-json\/wp\/v2\/media?parent=15993"}],"wp:term":[{"taxonomy":"product_brand","embeddable":true,"href":"https:\/\/unefermealabassette.fr\/index.php\/wp-json\/wp\/v2\/product_brand?post=15993"},{"taxonomy":"product_cat","embeddable":true,"href":"https:\/\/unefermealabassette.fr\/index.php\/wp-json\/wp\/v2\/product_cat?post=15993"},{"taxonomy":"product_tag","embeddable":true,"href":"https:\/\/unefermealabassette.fr\/index.php\/wp-json\/wp\/v2\/product_tag?post=15993"}],"curies":[{"name":"wp","href":"https:\/\/api.w.org\/{rel}","templated":true}]}}