{"id":17057,"date":"2023-08-04T16:28:40","date_gmt":"2023-08-04T14:28:40","guid":{"rendered":"https:\/\/unefermealabassette.fr\/?post_type=product&#038;p=17057"},"modified":"2023-08-22T10:02:44","modified_gmt":"2023-08-22T08:02:44","slug":"atelier-dentelle-a-la-fourche-dimanche-20-aout-a-10h30","status":"publish","type":"product","link":"https:\/\/unefermealabassette.fr\/index.php\/produit\/atelier-dentelle-a-la-fourche-dimanche-20-aout-a-10h30\/","title":{"rendered":"Atelier Dentelle \u00e0 la fourche &#8211; Dimanche 20 ao\u00fbt \u00e0 10h30"},"content":{"rendered":"<p>Atelier d&rsquo;initiation \u00e0 la dentelle \u00e0 la fourche, pr\u00e9sentation de la technique et du mat\u00e9riel. Apprentissage des bases, puis montage et r\u00e9alisation de deux bandes de boucles, assemblage et bordure. Les participants repartent avec leurs 2 bandes assembl\u00e9es.<\/p>\n<ul>\n<li>Dur\u00e9e : 2h<\/li>\n<li>Age : \u00e0 partir de 12 ans<\/li>\n<li>Nombre de places disponibles : 6<\/li>\n<li>Tarif : 50\u20ac<\/li>\n<li>Anim\u00e9 par Anne-Sophie Vautrain, cr\u00e9atrice textile de la dentelle \u00e0 la fourche, sous la marque <a href=\"https:\/\/chapotave.eproshopping.fr\/\" target=\"_blank\" rel=\"noopener\">Chapotave<\/a><\/li>\n<\/ul>\n<p>\u0394 Merci de cocher \u00ab\u00a0RETRAIT A LA FERME\u00a0\u00bb lors de votre commande, ne passez pas par les Colissimo. \u0394<\/p>\n<div id='gallery-1' class='gallery-shortcode galleryid-17057 gallery-columns-3 gallery-size-large thumbnail-default'><dl class='gallery-item'>\r\n    \t\t\t\t<dt class='landscape'>\r\n    \t\t\t\t<figure class=\"animated-overlay overlay-style\"><img decoding=\"async\" src=\"https:\/\/unefermealabassette.fr\/wp-content\/uploads\/2023\/08\/atelier_dentelle_a_la_fourche_chapotave_2-1024x1024.jpg\" alt=\"\" \/><a href=\"https:\/\/unefermealabassette.fr\/?attachment_id=17049\"><\/a><figcaption><div class=\"thumb-info\"><h4 itemprop=\"name headline\">atelier_dentelle_\u00e0_la_fourche_chapotave_2<\/h4><\/div><\/figcaption><\/figure>\r\n    \t\t\t\t<\/dt><\/dl><dl class='gallery-item'>\r\n    \t\t\t\t<dt class='landscape'>\r\n    \t\t\t\t<figure class=\"animated-overlay overlay-style\"><img decoding=\"async\" src=\"https:\/\/unefermealabassette.fr\/wp-content\/uploads\/2023\/08\/atelier_dentelle_a_la_fourche_chapotave_3-1-1024x1024.jpg\" alt=\"\" \/><a href=\"https:\/\/unefermealabassette.fr\/?attachment_id=17051\"><\/a><figcaption><div class=\"thumb-info\"><h4 itemprop=\"name headline\">atelier_dentelle_\u00e0_la_fourche_chapotave_3<\/h4><\/div><\/figcaption><\/figure>\r\n    \t\t\t\t<\/dt><\/dl><dl class='gallery-item'>\r\n    \t\t\t\t<dt class='landscape'>\r\n    \t\t\t\t<figure class=\"animated-overlay overlay-style\"><img decoding=\"async\" src=\"https:\/\/unefermealabassette.fr\/wp-content\/uploads\/2023\/08\/atelier_dentelle_a_la_fourche_chapotave_1-1024x1024.jpg\" alt=\"\" \/><a href=\"https:\/\/unefermealabassette.fr\/?attachment_id=17052\"><\/a><figcaption><div class=\"thumb-info\"><h4 itemprop=\"name headline\">atelier_dentelle_\u00e0_la_fourche_chapotave_1<\/h4><\/div><\/figcaption><\/figure>\r\n    \t\t\t\t<\/dt><\/dl>\r\n    \t\t\t<br style='clear: both;' \/>\r\n    \t\t\t<\/div>\n\n<p>&nbsp;<\/p>\n<p>Pour retrouver toutes les infos sur les Journ\u00e9es Tonte et Textile, ainsi que la liste des autres Ateliers, <strong><a href=\"https:\/\/unefermealabassette.fr\/index.php\/2023\/07\/22\/tonte-et-textile-ateliers-marche-demos-19-et-20-aout\/\">cliquez ici<\/a><\/strong> !<\/p>\n","protected":false},"excerpt":{"rendered":"<p>Atelier d&rsquo;initiation \u00e0 la dentelle \u00e0 la fourche, pr\u00e9sentation de la technique et du mat\u00e9riel. Apprentissage des bases, puis montage et r\u00e9alisation de deux bandes de boucles, assemblage et bordure. Les participants repartent avec leurs 2 bandes assembl\u00e9es. Dur\u00e9e : 2h Age : \u00e0 partir de 12 ans Nombre de places disponibles : 6 Tarif : 50\u20ac Anim\u00e9 par Anne-Sophie [&hellip;]<\/p>\n","protected":false},"featured_media":17091,"template":"","meta":[],"product_brand":[],"product_cat":[15,252],"product_tag":[249,251,250],"class_list":{"0":"post-17057","1":"product","2":"type-product","3":"status-publish","4":"has-post-thumbnail","6":"product_cat-mohair","7":"product_cat-ateliers-textiles","8":"product_tag-atelier","9":"product_tag-evenement","10":"product_tag-journees-tonte-et-textile","12":"first","13":"outofstock","14":"shipping-taxable","15":"purchasable","16":"product-type-simple"},"_links":{"self":[{"href":"https:\/\/unefermealabassette.fr\/index.php\/wp-json\/wp\/v2\/product\/17057","targetHints":{"allow":["GET"]}}],"collection":[{"href":"https:\/\/unefermealabassette.fr\/index.php\/wp-json\/wp\/v2\/product"}],"about":[{"href":"https:\/\/unefermealabassette.fr\/index.php\/wp-json\/wp\/v2\/types\/product"}],"wp:featuredmedia":[{"embeddable":true,"href":"https:\/\/unefermealabassette.fr\/index.php\/wp-json\/wp\/v2\/media\/17091"}],"wp:attachment":[{"href":"https:\/\/unefermealabassette.fr\/index.php\/wp-json\/wp\/v2\/media?parent=17057"}],"wp:term":[{"taxonomy":"product_brand","embeddable":true,"href":"https:\/\/unefermealabassette.fr\/index.php\/wp-json\/wp\/v2\/product_brand?post=17057"},{"taxonomy":"product_cat","embeddable":true,"href":"https:\/\/unefermealabassette.fr\/index.php\/wp-json\/wp\/v2\/product_cat?post=17057"},{"taxonomy":"product_tag","embeddable":true,"href":"https:\/\/unefermealabassette.fr\/index.php\/wp-json\/wp\/v2\/product_tag?post=17057"}],"curies":[{"name":"wp","href":"https:\/\/api.w.org\/{rel}","templated":true}]}}