{"id":17128,"date":"2023-08-13T18:38:36","date_gmt":"2023-08-13T16:38:36","guid":{"rendered":"https:\/\/unefermealabassette.fr\/?post_type=product&#038;p=17128"},"modified":"2023-08-22T09:52:49","modified_gmt":"2023-08-22T07:52:49","slug":"atelier-fleurs-en-feutre-dimanche-20-aout-a-14h","status":"publish","type":"product","link":"https:\/\/unefermealabassette.fr\/index.php\/produit\/atelier-fleurs-en-feutre-dimanche-20-aout-a-14h\/","title":{"rendered":"Atelier Fleurs en Feutre &#8211; Dimanche 20 ao\u00fbt \u00e0 14h"},"content":{"rendered":"<p>Initiation au feutrage : cr\u00e9ation d&rsquo;une ou deux petites fleurs en laine feutr\u00e9e. A partir de laine brute teint\u00e9e, vous apprendrez d&rsquo;abord \u00e0 feutrer la laine dans de l&rsquo;eau chaude, puis \u00e0 la fa\u00e7onner en forme de fleurs dans un second temps.<\/p>\n<ul>\n<li>Dur\u00e9e : 30 min<\/li>\n<li>Tout \u00e2ge<\/li>\n<li>Nombre de places disponibles : 6<\/li>\n<li>Anim\u00e9 par Une Ferme \u00e0 la Bassette<\/li>\n<\/ul>\n<p>\u0394 Merci de cocher \u00ab\u00a0RETRAIT A LA FERME\u00a0\u00bb lors de votre commande, ne passez pas par les Colissimo. \u0394<\/p>\n<div id='gallery-1' class='gallery-shortcode galleryid-17128 gallery-columns-2 gallery-size-large thumbnail-default'><dl class='gallery-item'>\r\n    \t\t\t\t<dt class='landscape'>\r\n    \t\t\t\t<figure class=\"animated-overlay overlay-style\"><img decoding=\"async\" src=\"https:\/\/unefermealabassette.fr\/wp-content\/uploads\/2023\/08\/atelier_fleurs_en_feutre_une_ferme_a_la_bassette_2.jpg\" alt=\"\" \/><a href=\"https:\/\/unefermealabassette.fr\/?attachment_id=17123\"><\/a><figcaption><div class=\"thumb-info\"><h4 itemprop=\"name headline\">atelier_fleurs_en_feutre_une_ferme_a_la_bassette_2<\/h4><\/div><\/figcaption><\/figure>\r\n    \t\t\t\t<\/dt><\/dl><dl class='gallery-item'>\r\n    \t\t\t\t<dt class='landscape'>\r\n    \t\t\t\t<figure class=\"animated-overlay overlay-style\"><img decoding=\"async\" src=\"https:\/\/unefermealabassette.fr\/wp-content\/uploads\/2023\/08\/atelier_fleurs_en_feutre_une_ferme_a_la_bassette_1.jpg\" alt=\"\" \/><a href=\"https:\/\/unefermealabassette.fr\/?attachment_id=17124\"><\/a><figcaption><div class=\"thumb-info\"><h4 itemprop=\"name headline\">atelier_fleurs_en_feutre_une_ferme_a_la_bassette_1<\/h4><\/div><\/figcaption><\/figure>\r\n    \t\t\t\t<\/dt><\/dl>\r\n    \t\t\t<br style='clear: both;' \/>\r\n    \t\t\t<\/div>\n\n<p>&nbsp;<\/p>\n<p>Pour retrouver toutes les infos sur les Journ\u00e9es Tonte et Textile, ainsi que la liste des autres Ateliers, <strong><a href=\"https:\/\/unefermealabassette.fr\/index.php\/2023\/07\/22\/tonte-et-textile-ateliers-marche-demos-19-et-20-aout\/\">cliquez ici<\/a><\/strong> !<\/p>\n","protected":false},"excerpt":{"rendered":"<p>Initiation au feutrage : cr\u00e9ation d&rsquo;une ou deux petites fleurs en laine feutr\u00e9e. A partir de laine brute teint\u00e9e, vous apprendrez d&rsquo;abord \u00e0 feutrer la laine dans de l&rsquo;eau chaude, puis \u00e0 la fa\u00e7onner en forme de fleurs dans un second temps. Dur\u00e9e : 30 min Tout \u00e2ge Nombre de places disponibles : 6 Anim\u00e9 par Une Ferme \u00e0 la [&hellip;]<\/p>\n","protected":false},"featured_media":17122,"template":"","meta":[],"product_brand":[],"product_cat":[15,252],"product_tag":[249,251,250],"class_list":{"0":"post-17128","1":"product","2":"type-product","3":"status-publish","4":"has-post-thumbnail","6":"product_cat-mohair","7":"product_cat-ateliers-textiles","8":"product_tag-atelier","9":"product_tag-evenement","10":"product_tag-journees-tonte-et-textile","12":"first","13":"outofstock","14":"shipping-taxable","15":"purchasable","16":"product-type-simple"},"_links":{"self":[{"href":"https:\/\/unefermealabassette.fr\/index.php\/wp-json\/wp\/v2\/product\/17128","targetHints":{"allow":["GET"]}}],"collection":[{"href":"https:\/\/unefermealabassette.fr\/index.php\/wp-json\/wp\/v2\/product"}],"about":[{"href":"https:\/\/unefermealabassette.fr\/index.php\/wp-json\/wp\/v2\/types\/product"}],"wp:featuredmedia":[{"embeddable":true,"href":"https:\/\/unefermealabassette.fr\/index.php\/wp-json\/wp\/v2\/media\/17122"}],"wp:attachment":[{"href":"https:\/\/unefermealabassette.fr\/index.php\/wp-json\/wp\/v2\/media?parent=17128"}],"wp:term":[{"taxonomy":"product_brand","embeddable":true,"href":"https:\/\/unefermealabassette.fr\/index.php\/wp-json\/wp\/v2\/product_brand?post=17128"},{"taxonomy":"product_cat","embeddable":true,"href":"https:\/\/unefermealabassette.fr\/index.php\/wp-json\/wp\/v2\/product_cat?post=17128"},{"taxonomy":"product_tag","embeddable":true,"href":"https:\/\/unefermealabassette.fr\/index.php\/wp-json\/wp\/v2\/product_tag?post=17128"}],"curies":[{"name":"wp","href":"https:\/\/api.w.org\/{rel}","templated":true}]}}